{"id":8312,"date":"2024-11-08T09:12:14","date_gmt":"2024-11-08T09:12:14","guid":{"rendered":"https:\/\/ercopac.com\/certificaciones\/"},"modified":"2025-12-19T13:00:48","modified_gmt":"2025-12-19T13:00:48","slug":"certificaciones","status":"publish","type":"page","link":"https:\/\/ercopac.com\/es\/certificaciones\/","title":{"rendered":"Certificaciones"},"content":{"rendered":"\t\t<div data-elementor-type=\"wp-page\" data-elementor-id=\"8312\" class=\"elementor elementor-8312 elementor-4445\" data-elementor-post-type=\"page\">\n\t\t\t\t<div class=\"elementor-element elementor-element-92c7999 e-flex e-con-boxed e-con e-parent\" data-id=\"92c7999\" data-element_type=\"container\" data-e-type=\"container\" data-settings=\"{&quot;background_background&quot;:&quot;classic&quot;}\">\n\t\t\t\t\t<div class=\"e-con-inner\">\n\t\t<div class=\"elementor-element elementor-element-a2a6cb2 e-con-full e-flex e-con e-child\" data-id=\"a2a6cb2\" data-element_type=\"container\" data-e-type=\"container\">\n\t\t\t\t<div class=\"elementor-element elementor-element-553d26b elementor-widget elementor-widget-heading\" data-id=\"553d26b\" data-element_type=\"widget\" data-e-type=\"widget\" data-settings=\"{&quot;_animation&quot;:&quot;none&quot;}\" data-widget_type=\"heading.default\">\n\t\t\t\t<div class=\"elementor-widget-container\">\n\t\t\t\t\t<h1 class=\"elementor-heading-title elementor-size-default\">Certificaciones<\/h1>\t\t\t\t<\/div>\n\t\t\t\t<\/div>\n\t\t\t\t<\/div>\n\t\t\t\t\t<\/div>\n\t\t\t\t<\/div>\n\t\t<div class=\"elementor-element elementor-element-be7858f e-flex e-con-boxed e-con e-parent\" data-id=\"be7858f\" data-element_type=\"container\" data-e-type=\"container\">\n\t\t\t\t\t<div class=\"e-con-inner\">\n\t\t\t\t<div class=\"elementor-element elementor-element-420b43e elementor-widget elementor-widget-spacer\" data-id=\"420b43e\" data-element_type=\"widget\" data-e-type=\"widget\" data-widget_type=\"spacer.default\">\n\t\t\t\t<div class=\"elementor-widget-container\">\n\t\t\t\t\t\t\t<div class=\"elementor-spacer\">\n\t\t\t<div class=\"elementor-spacer-inner\"><\/div>\n\t\t<\/div>\n\t\t\t\t\t\t<\/div>\n\t\t\t\t<\/div>\n\t\t\t\t<div class=\"elementor-element elementor-element-02e080c elementor-widget elementor-widget-heading\" data-id=\"02e080c\" data-element_type=\"widget\" data-e-type=\"widget\" data-widget_type=\"heading.default\">\n\t\t\t\t<div class=\"elementor-widget-container\">\n\t\t\t\t\t<h1 class=\"elementor-heading-title elementor-size-default\">Compromiso certificado con la calidad, la sostenibilidad y la seguridad<\/h1>\t\t\t\t<\/div>\n\t\t\t\t<\/div>\n\t\t\t\t<div class=\"elementor-element elementor-element-1c1a062 elementor-widget elementor-widget-text-editor\" data-id=\"1c1a062\" data-element_type=\"widget\" data-e-type=\"widget\" data-widget_type=\"text-editor.default\">\n\t\t\t\t<div class=\"elementor-widget-container\">\n\t\t\t\t\t\t\t\t\t<p>Nuestras certificaciones <strong data-start=\"636\" data-end=\"686\">ISO 9001, ISO 14001 e ISO 45001<\/strong>, junto con la <strong data-start=\"701\" data-end=\"724\">certificaci\u00f3n CMSE<\/strong>, dan fe de la adopci\u00f3n de un <strong data-start=\"753\" data-end=\"786\">sistema de gesti\u00f3n integrado<\/strong> orientado a la excelencia operativa, la sostenibilidad medioambiental y la <strong data-start=\"860\" data-end=\"893\">seguridad y salud en el trabajo<\/strong>, en pleno cumplimiento de la normativa vigente. Un compromiso concreto que refuerza la fiabilidad de Ercopac como socio estrat\u00e9gico. <\/p><p> <\/p><p>Nuestra pol\u00edtica QAS persigue los siguientes objetivos:<\/p>\t\t\t\t\t\t\t\t<\/div>\n\t\t\t\t<\/div>\n\t\t\t\t<div class=\"elementor-element elementor-element-1bd97bb elementor-widget elementor-widget-spacer\" data-id=\"1bd97bb\" data-element_type=\"widget\" data-e-type=\"widget\" data-widget_type=\"spacer.default\">\n\t\t\t\t<div class=\"elementor-widget-container\">\n\t\t\t\t\t\t\t<div class=\"elementor-spacer\">\n\t\t\t<div class=\"elementor-spacer-inner\"><\/div>\n\t\t<\/div>\n\t\t\t\t\t\t<\/div>\n\t\t\t\t<\/div>\n\t\t\t\t\t<\/div>\n\t\t\t\t<\/div>\n\t\t<div class=\"elementor-element elementor-element-4932ba8 e-grid e-con-boxed e-con e-parent\" data-id=\"4932ba8\" data-element_type=\"container\" data-e-type=\"container\">\n\t\t\t\t\t<div class=\"e-con-inner\">\n\t\t\t\t<div class=\"elementor-element elementor-element-4d82fc4 elementor-position-top elementor-widget elementor-widget-image-box\" data-id=\"4d82fc4\" data-element_type=\"widget\" data-e-type=\"widget\" data-widget_type=\"image-box.default\">\n\t\t\t\t<div class=\"elementor-widget-container\">\n\t\t\t\t\t<div class=\"elementor-image-box-wrapper\"><figure class=\"elementor-image-box-img\"><img fetchpriority=\"high\" decoding=\"async\" width=\"472\" height=\"472\" src=\"https:\/\/ercopac.com\/wp-content\/uploads\/2024\/11\/certificazione.webp\" class=\"attachment-full size-full wp-image-7610\" alt=\"\" srcset=\"https:\/\/ercopac.com\/wp-content\/uploads\/2024\/11\/certificazione.webp 472w, https:\/\/ercopac.com\/wp-content\/uploads\/2024\/11\/certificazione-300x300.webp 300w, https:\/\/ercopac.com\/wp-content\/uploads\/2024\/11\/certificazione-150x150.webp 150w\" sizes=\"(max-width: 472px) 100vw, 472px\" \/><\/figure><div class=\"elementor-image-box-content\"><p class=\"elementor-image-box-description\">Seguridad en el trabajo<\/p><\/div><\/div>\t\t\t\t<\/div>\n\t\t\t\t<\/div>\n\t\t\t\t<div class=\"elementor-element elementor-element-1021eae elementor-position-top elementor-widget elementor-widget-image-box\" data-id=\"1021eae\" data-element_type=\"widget\" data-e-type=\"widget\" data-widget_type=\"image-box.default\">\n\t\t\t\t<div class=\"elementor-widget-container\">\n\t\t\t\t\t<div class=\"elementor-image-box-wrapper\"><figure class=\"elementor-image-box-img\"><img decoding=\"async\" width=\"472\" height=\"472\" src=\"https:\/\/ercopac.com\/wp-content\/uploads\/2024\/11\/cliente.webp\" class=\"attachment-full size-full wp-image-7598\" alt=\"\" srcset=\"https:\/\/ercopac.com\/wp-content\/uploads\/2024\/11\/cliente.webp 472w, https:\/\/ercopac.com\/wp-content\/uploads\/2024\/11\/cliente-300x300.webp 300w, https:\/\/ercopac.com\/wp-content\/uploads\/2024\/11\/cliente-150x150.webp 150w\" sizes=\"(max-width: 472px) 100vw, 472px\" \/><\/figure><div class=\"elementor-image-box-content\"><p class=\"elementor-image-box-description\">Satisfacci\u00f3n del cliente<\/p><\/div><\/div>\t\t\t\t<\/div>\n\t\t\t\t<\/div>\n\t\t\t\t<div class=\"elementor-element elementor-element-ced1263 elementor-position-top elementor-widget elementor-widget-image-box\" data-id=\"ced1263\" data-element_type=\"widget\" data-e-type=\"widget\" data-widget_type=\"image-box.default\">\n\t\t\t\t<div class=\"elementor-widget-container\">\n\t\t\t\t\t<div class=\"elementor-image-box-wrapper\"><figure class=\"elementor-image-box-img\"><img decoding=\"async\" width=\"472\" height=\"472\" src=\"https:\/\/ercopac.com\/wp-content\/uploads\/2024\/11\/ambiente.webp\" class=\"attachment-full size-full wp-image-7601\" alt=\"\" srcset=\"https:\/\/ercopac.com\/wp-content\/uploads\/2024\/11\/ambiente.webp 472w, https:\/\/ercopac.com\/wp-content\/uploads\/2024\/11\/ambiente-300x300.webp 300w, https:\/\/ercopac.com\/wp-content\/uploads\/2024\/11\/ambiente-150x150.webp 150w\" sizes=\"(max-width: 472px) 100vw, 472px\" \/><\/figure><div class=\"elementor-image-box-content\"><p class=\"elementor-image-box-description\">Respeto al medio ambiente<\/p><\/div><\/div>\t\t\t\t<\/div>\n\t\t\t\t<\/div>\n\t\t\t\t<div class=\"elementor-element elementor-element-1e96b96 elementor-position-top elementor-widget elementor-widget-image-box\" data-id=\"1e96b96\" data-element_type=\"widget\" data-e-type=\"widget\" data-widget_type=\"image-box.default\">\n\t\t\t\t<div class=\"elementor-widget-container\">\n\t\t\t\t\t<div class=\"elementor-image-box-wrapper\"><figure class=\"elementor-image-box-img\"><img loading=\"lazy\" decoding=\"async\" width=\"472\" height=\"472\" src=\"https:\/\/ercopac.com\/wp-content\/uploads\/2024\/11\/monitorare.webp\" class=\"attachment-full size-full wp-image-7604\" alt=\"\" srcset=\"https:\/\/ercopac.com\/wp-content\/uploads\/2024\/11\/monitorare.webp 472w, https:\/\/ercopac.com\/wp-content\/uploads\/2024\/11\/monitorare-300x300.webp 300w, https:\/\/ercopac.com\/wp-content\/uploads\/2024\/11\/monitorare-150x150.webp 150w\" sizes=\"(max-width: 472px) 100vw, 472px\" \/><\/figure><div class=\"elementor-image-box-content\"><p class=\"elementor-image-box-description\">Supervisi\u00f3n de los procesos operativos propios<\/p><\/div><\/div>\t\t\t\t<\/div>\n\t\t\t\t<\/div>\n\t\t\t\t<div class=\"elementor-element elementor-element-6a6bdb4 elementor-position-top elementor-widget elementor-widget-image-box\" data-id=\"6a6bdb4\" data-element_type=\"widget\" data-e-type=\"widget\" data-widget_type=\"image-box.default\">\n\t\t\t\t<div class=\"elementor-widget-container\">\n\t\t\t\t\t<div class=\"elementor-image-box-wrapper\"><figure class=\"elementor-image-box-img\"><img loading=\"lazy\" decoding=\"async\" width=\"472\" height=\"472\" src=\"https:\/\/ercopac.com\/wp-content\/uploads\/2024\/11\/rispetto-norme.webp\" class=\"attachment-full size-full wp-image-7607\" alt=\"\" srcset=\"https:\/\/ercopac.com\/wp-content\/uploads\/2024\/11\/rispetto-norme.webp 472w, https:\/\/ercopac.com\/wp-content\/uploads\/2024\/11\/rispetto-norme-300x300.webp 300w, https:\/\/ercopac.com\/wp-content\/uploads\/2024\/11\/rispetto-norme-150x150.webp 150w\" sizes=\"(max-width: 472px) 100vw, 472px\" \/><\/figure><div class=\"elementor-image-box-content\"><p class=\"elementor-image-box-description\">Cumplimiento de las normas y leyes obligatorias<\/p><\/div><\/div>\t\t\t\t<\/div>\n\t\t\t\t<\/div>\n\t\t\t\t\t<\/div>\n\t\t\t\t<\/div>\n\t\t<div class=\"elementor-element elementor-element-32597a4 e-grid e-con-boxed e-con e-parent\" data-id=\"32597a4\" data-element_type=\"container\" data-e-type=\"container\">\n\t\t\t\t\t<div class=\"e-con-inner\">\n\t\t\t\t<div class=\"elementor-element elementor-element-c94ee06 elementor-widget elementor-widget-text-editor\" data-id=\"c94ee06\" data-element_type=\"widget\" data-e-type=\"widget\" data-settings=\"{&quot;_animation&quot;:&quot;none&quot;}\" data-widget_type=\"text-editor.default\">\n\t\t\t\t<div class=\"elementor-widget-container\">\n\t\t\t\t\t\t\t\t\t<p> <\/p><p>Ercopac cuenta con un equipo de t\u00e9cnicos especializados con certificaci\u00f3n CMSE\u00ae &#8211; Certified Machinery Safety Expert, reconocido a nivel internacional en colaboraci\u00f3n con el organismo notificado T\u00dcV NORD.<\/p><p>Podemos garantizar los m\u00e1s altos niveles de seguridad y ciberseguridad y el cumplimiento de todos los requisitos legales, durante todo el ciclo de vida de nuestras m\u00e1quinas e instalaciones, garantizando una actualizaci\u00f3n t\u00e9cnica continua.<\/p>\t\t\t\t\t\t\t\t<\/div>\n\t\t\t\t<\/div>\n\t\t<div class=\"elementor-element elementor-element-cf4b833 e-con-full e-flex e-con e-child\" data-id=\"cf4b833\" data-element_type=\"container\" data-e-type=\"container\">\n\t\t\t\t<div class=\"elementor-element elementor-element-710d0c1 elementor-widget elementor-widget-image\" data-id=\"710d0c1\" data-element_type=\"widget\" data-e-type=\"widget\" data-widget_type=\"image.default\">\n\t\t\t\t<div class=\"elementor-widget-container\">\n\t\t\t\t\t\t\t\t\t\t\t\t\t\t\t<img loading=\"lazy\" decoding=\"async\" width=\"300\" height=\"254\" src=\"https:\/\/ercopac.com\/wp-content\/uploads\/2025\/11\/cmse-certified-machinery-safety-expert-300x254.webp\" class=\"attachment-medium size-medium wp-image-10225\" alt=\"Marchio ufficiale CMSE \u2013 Certified Machinery Safety Expert\" srcset=\"https:\/\/ercopac.com\/wp-content\/uploads\/2025\/11\/cmse-certified-machinery-safety-expert-300x254.webp 300w, https:\/\/ercopac.com\/wp-content\/uploads\/2025\/11\/cmse-certified-machinery-safety-expert.webp 498w\" sizes=\"(max-width: 300px) 100vw, 300px\" \/>\t\t\t\t\t\t\t\t\t\t\t\t\t\t\t<\/div>\n\t\t\t\t<\/div>\n\t\t\t\t<\/div>\n\t\t\t\t\t<\/div>\n\t\t\t\t<\/div>\n\t\t<div class=\"elementor-element elementor-element-babfe89 e-flex e-con-boxed e-con e-parent\" data-id=\"babfe89\" data-element_type=\"container\" data-e-type=\"container\" data-settings=\"{&quot;background_background&quot;:&quot;classic&quot;}\">\n\t\t\t\t\t<div class=\"e-con-inner\">\n\t\t<div class=\"elementor-element elementor-element-5084b0d e-con-full e-flex e-con e-child\" data-id=\"5084b0d\" data-element_type=\"container\" data-e-type=\"container\">\n\t\t\t\t<div class=\"elementor-element elementor-element-4ca3774 elementor-widget elementor-widget-heading\" data-id=\"4ca3774\" data-element_type=\"widget\" data-e-type=\"widget\" data-settings=\"{&quot;_animation&quot;:&quot;none&quot;}\" data-widget_type=\"heading.default\">\n\t\t\t\t<div class=\"elementor-widget-container\">\n\t\t\t\t\t<h2 class=\"elementor-heading-title elementor-size-default\">La satisfacci\u00f3n de nuestros clientes es nuestra prioridad<\/h2>\t\t\t\t<\/div>\n\t\t\t\t<\/div>\n\t\t\t\t<div class=\"elementor-element elementor-element-6a7a83a elementor-widget elementor-widget-text-editor\" data-id=\"6a7a83a\" data-element_type=\"widget\" data-e-type=\"widget\" data-settings=\"{&quot;_animation&quot;:&quot;none&quot;}\" data-widget_type=\"text-editor.default\">\n\t\t\t\t<div class=\"elementor-widget-container\">\n\t\t\t\t\t\t\t\t\t<p class=\"p1\">La certificaci\u00f3n ISO 9001 es la prueba tangible de nuestro compromiso constante de ofrecer productos y servicios de la m\u00e1s alta calidad mediante la mejora continua de nuestros procesos de producci\u00f3n.<br><\/p>\t\t\t\t\t\t\t\t<\/div>\n\t\t\t\t<\/div>\n\t\t\t\t<\/div>\n\t\t\t\t\t<\/div>\n\t\t\t\t<\/div>\n\t\t<div class=\"elementor-element elementor-element-ea89359 e-flex e-con-boxed e-con e-parent\" data-id=\"ea89359\" data-element_type=\"container\" data-e-type=\"container\" data-settings=\"{&quot;background_background&quot;:&quot;classic&quot;}\">\n\t\t\t\t\t<div class=\"e-con-inner\">\n\t\t<div class=\"elementor-element elementor-element-c26cbaf e-con-full e-flex e-con e-child\" data-id=\"c26cbaf\" data-element_type=\"container\" data-e-type=\"container\">\n\t\t\t\t<div class=\"elementor-element elementor-element-69bdae8 elementor-widget elementor-widget-heading\" data-id=\"69bdae8\" data-element_type=\"widget\" data-e-type=\"widget\" data-settings=\"{&quot;_animation&quot;:&quot;none&quot;}\" data-widget_type=\"heading.default\">\n\t\t\t\t<div class=\"elementor-widget-container\">\n\t\t\t\t\t<h2 class=\"elementor-heading-title elementor-size-default\">Un futuro sostenible, un compromiso concreto<\/h2>\t\t\t\t<\/div>\n\t\t\t\t<\/div>\n\t\t\t\t<div class=\"elementor-element elementor-element-4d094dc elementor-widget elementor-widget-text-editor\" data-id=\"4d094dc\" data-element_type=\"widget\" data-e-type=\"widget\" data-settings=\"{&quot;_animation&quot;:&quot;none&quot;}\" data-widget_type=\"text-editor.default\">\n\t\t\t\t<div class=\"elementor-widget-container\">\n\t\t\t\t\t\t\t\t\t<p class=\"p1\">La certificaci\u00f3n ISO 14001 demuestra nuestro compromiso con la reducci\u00f3n del impacto ambiental de nuestras actividades mediante el monitoreo constante de los consumos y las emisiones para reducirlos al m\u00ednimo.<br><\/p>\t\t\t\t\t\t\t\t<\/div>\n\t\t\t\t<\/div>\n\t\t\t\t<\/div>\n\t\t\t\t\t<\/div>\n\t\t\t\t<\/div>\n\t\t<div class=\"elementor-element elementor-element-6fa9958 e-flex e-con-boxed e-con e-parent\" data-id=\"6fa9958\" data-element_type=\"container\" data-e-type=\"container\" data-settings=\"{&quot;background_background&quot;:&quot;classic&quot;}\">\n\t\t\t\t\t<div class=\"e-con-inner\">\n\t\t<div class=\"elementor-element elementor-element-5d536fd e-con-full e-flex e-con e-child\" data-id=\"5d536fd\" data-element_type=\"container\" data-e-type=\"container\">\n\t\t\t\t<div class=\"elementor-element elementor-element-e32ff7a elementor-widget elementor-widget-heading\" data-id=\"e32ff7a\" data-element_type=\"widget\" data-e-type=\"widget\" data-settings=\"{&quot;_animation&quot;:&quot;none&quot;}\" data-widget_type=\"heading.default\">\n\t\t\t\t<div class=\"elementor-widget-container\">\n\t\t\t\t\t<h2 class=\"elementor-heading-title elementor-size-default\">Crear entornos de trabajo seguros<\/h2>\t\t\t\t<\/div>\n\t\t\t\t<\/div>\n\t\t\t\t<div class=\"elementor-element elementor-element-1b7ee94 elementor-widget elementor-widget-text-editor\" data-id=\"1b7ee94\" data-element_type=\"widget\" data-e-type=\"widget\" data-settings=\"{&quot;_animation&quot;:&quot;none&quot;}\" data-widget_type=\"text-editor.default\">\n\t\t\t\t<div class=\"elementor-widget-container\">\n\t\t\t\t\t\t\t\t\t<p class=\"p1\">La certificaci\u00f3n 45001 no s\u00f3lo refuerza la prevenci\u00f3n de accidentes y el cumplimiento de la normativa, sino que tambi\u00e9n promueve una cultura compartida de seguridad y bienestar en toda la organizaci\u00f3n.<\/p>\t\t\t\t\t\t\t\t<\/div>\n\t\t\t\t<\/div>\n\t\t\t\t<\/div>\n\t\t\t\t\t<\/div>\n\t\t\t\t<\/div>\n\t\t<div class=\"elementor-element elementor-element-a55074b e-flex e-con-boxed e-con e-parent\" data-id=\"a55074b\" data-element_type=\"container\" data-e-type=\"container\">\n\t\t\t\t\t<div class=\"e-con-inner\">\n\t\t<div class=\"elementor-element elementor-element-710fc79 e-con-full e-flex e-con e-child\" data-id=\"710fc79\" data-element_type=\"container\" data-e-type=\"container\">\n\t\t\t\t<div class=\"elementor-element elementor-element-75b186d elementor-widget elementor-widget-image\" data-id=\"75b186d\" data-element_type=\"widget\" data-e-type=\"widget\" data-widget_type=\"image.default\">\n\t\t\t\t<div class=\"elementor-widget-container\">\n\t\t\t\t\t\t\t\t\t\t\t\t\t\t\t<img loading=\"lazy\" decoding=\"async\" width=\"1000\" height=\"1000\" src=\"https:\/\/ercopac.com\/wp-content\/uploads\/2025\/12\/Mockup-certificazioni.png\" class=\"elementor-animation-grow attachment-full size-full wp-image-10316\" alt=\"mock-up della certificazione iso 9001 di ercopac\" srcset=\"https:\/\/ercopac.com\/wp-content\/uploads\/2025\/12\/Mockup-certificazioni.png 1000w, https:\/\/ercopac.com\/wp-content\/uploads\/2025\/12\/Mockup-certificazioni-300x300.png 300w, https:\/\/ercopac.com\/wp-content\/uploads\/2025\/12\/Mockup-certificazioni-150x150.png 150w, https:\/\/ercopac.com\/wp-content\/uploads\/2025\/12\/Mockup-certificazioni-768x768.png 768w\" sizes=\"(max-width: 1000px) 100vw, 1000px\" \/>\t\t\t\t\t\t\t\t\t\t\t\t\t\t\t<\/div>\n\t\t\t\t<\/div>\n\t\t\t\t<div class=\"elementor-element elementor-element-20cb33a elementor-widget elementor-widget-heading\" data-id=\"20cb33a\" data-element_type=\"widget\" data-e-type=\"widget\" data-settings=\"{&quot;_animation&quot;:&quot;none&quot;}\" data-widget_type=\"heading.default\">\n\t\t\t\t<div class=\"elementor-widget-container\">\n\t\t\t\t\t<h2 class=\"elementor-heading-title elementor-size-default\">Certificaci\u00f3n ISO 9001<\/h2>\t\t\t\t<\/div>\n\t\t\t\t<\/div>\n\t\t\t\t<div class=\"elementor-element elementor-element-d95ad5a elementor-widget elementor-widget-heading\" data-id=\"d95ad5a\" data-element_type=\"widget\" data-e-type=\"widget\" data-widget_type=\"heading.default\">\n\t\t\t\t<div class=\"elementor-widget-container\">\n\t\t\t\t\t<h2 class=\"elementor-heading-title elementor-size-default\"><a href=\"https:\/\/ercopac.com\/wp-content\/uploads\/2025\/12\/ERCOPAC-S.r.l.-QMS-SA1.pdf\" target=\"_blank\">DESCARGA<\/a><\/h2>\t\t\t\t<\/div>\n\t\t\t\t<\/div>\n\t\t\t\t<\/div>\n\t\t<div class=\"elementor-element elementor-element-c493afe e-con-full e-flex e-con e-child\" data-id=\"c493afe\" data-element_type=\"container\" data-e-type=\"container\">\n\t\t\t\t<div class=\"elementor-element elementor-element-aab9140 elementor-widget elementor-widget-image\" data-id=\"aab9140\" data-element_type=\"widget\" data-e-type=\"widget\" data-widget_type=\"image.default\">\n\t\t\t\t<div class=\"elementor-widget-container\">\n\t\t\t\t\t\t\t\t\t\t\t\t\t\t\t<img loading=\"lazy\" decoding=\"async\" width=\"1000\" height=\"1000\" src=\"https:\/\/ercopac.com\/wp-content\/uploads\/2025\/12\/Mockup-certificazioni-14001.png\" class=\"elementor-animation-grow attachment-full size-full wp-image-10320\" alt=\"mock-up della certificazione iso 14001 di ercopac\" srcset=\"https:\/\/ercopac.com\/wp-content\/uploads\/2025\/12\/Mockup-certificazioni-14001.png 1000w, https:\/\/ercopac.com\/wp-content\/uploads\/2025\/12\/Mockup-certificazioni-14001-300x300.png 300w, https:\/\/ercopac.com\/wp-content\/uploads\/2025\/12\/Mockup-certificazioni-14001-150x150.png 150w, https:\/\/ercopac.com\/wp-content\/uploads\/2025\/12\/Mockup-certificazioni-14001-768x768.png 768w\" sizes=\"(max-width: 1000px) 100vw, 1000px\" \/>\t\t\t\t\t\t\t\t\t\t\t\t\t\t\t<\/div>\n\t\t\t\t<\/div>\n\t\t\t\t<div class=\"elementor-element elementor-element-6cd3e3e elementor-widget elementor-widget-heading\" data-id=\"6cd3e3e\" data-element_type=\"widget\" data-e-type=\"widget\" data-settings=\"{&quot;_animation&quot;:&quot;none&quot;}\" data-widget_type=\"heading.default\">\n\t\t\t\t<div class=\"elementor-widget-container\">\n\t\t\t\t\t<h2 class=\"elementor-heading-title elementor-size-default\">Certificaci\u00f3n ISO 14001<\/h2>\t\t\t\t<\/div>\n\t\t\t\t<\/div>\n\t\t\t\t<div class=\"elementor-element elementor-element-8b8e299 elementor-widget elementor-widget-heading\" data-id=\"8b8e299\" data-element_type=\"widget\" data-e-type=\"widget\" data-widget_type=\"heading.default\">\n\t\t\t\t<div class=\"elementor-widget-container\">\n\t\t\t\t\t<h2 class=\"elementor-heading-title elementor-size-default\"><a href=\"https:\/\/ercopac.com\/wp-content\/uploads\/2025\/12\/ERCOPAC-S.r.l.-EMS-SA1.pdf\" target=\"_blank\">DESCARGA<\/a><\/h2>\t\t\t\t<\/div>\n\t\t\t\t<\/div>\n\t\t\t\t<\/div>\n\t\t<div class=\"elementor-element elementor-element-cc9c588 e-con-full e-flex e-con e-child\" data-id=\"cc9c588\" data-element_type=\"container\" data-e-type=\"container\">\n\t\t\t\t<div class=\"elementor-element elementor-element-5cf2b4f elementor-widget elementor-widget-image\" data-id=\"5cf2b4f\" data-element_type=\"widget\" data-e-type=\"widget\" data-widget_type=\"image.default\">\n\t\t\t\t<div class=\"elementor-widget-container\">\n\t\t\t\t\t\t\t\t\t\t\t\t\t\t\t<img loading=\"lazy\" decoding=\"async\" width=\"1000\" height=\"1000\" src=\"https:\/\/ercopac.com\/wp-content\/uploads\/2025\/12\/Mockup-certificazioni-45001.png\" class=\"elementor-animation-grow attachment-full size-full wp-image-10336\" alt=\"mock-up della certificazione iso 45001 di ercopac\" srcset=\"https:\/\/ercopac.com\/wp-content\/uploads\/2025\/12\/Mockup-certificazioni-45001.png 1000w, https:\/\/ercopac.com\/wp-content\/uploads\/2025\/12\/Mockup-certificazioni-45001-300x300.png 300w, https:\/\/ercopac.com\/wp-content\/uploads\/2025\/12\/Mockup-certificazioni-45001-150x150.png 150w, https:\/\/ercopac.com\/wp-content\/uploads\/2025\/12\/Mockup-certificazioni-45001-768x768.png 768w\" sizes=\"(max-width: 1000px) 100vw, 1000px\" \/>\t\t\t\t\t\t\t\t\t\t\t\t\t\t\t<\/div>\n\t\t\t\t<\/div>\n\t\t\t\t<div class=\"elementor-element elementor-element-39e63d5 elementor-widget elementor-widget-heading\" data-id=\"39e63d5\" data-element_type=\"widget\" data-e-type=\"widget\" data-settings=\"{&quot;_animation&quot;:&quot;none&quot;}\" data-widget_type=\"heading.default\">\n\t\t\t\t<div class=\"elementor-widget-container\">\n\t\t\t\t\t<h2 class=\"elementor-heading-title elementor-size-default\">Certificaci\u00f3n ISO 45001<\/h2>\t\t\t\t<\/div>\n\t\t\t\t<\/div>\n\t\t\t\t<div class=\"elementor-element elementor-element-da93c37 elementor-widget elementor-widget-heading\" data-id=\"da93c37\" data-element_type=\"widget\" data-e-type=\"widget\" data-widget_type=\"heading.default\">\n\t\t\t\t<div class=\"elementor-widget-container\">\n\t\t\t\t\t<h2 class=\"elementor-heading-title elementor-size-default\"><a href=\"https:\/\/ercopac.com\/wp-content\/uploads\/2025\/12\/ERCOPAC-S.r.l.-OHSMS-CA.pdf\" target=\"_blank\">DESCARGA<\/a><\/h2>\t\t\t\t<\/div>\n\t\t\t\t<\/div>\n\t\t\t\t<\/div>\n\t\t\t\t\t<\/div>\n\t\t\t\t<\/div>\n\t\t\t\t<\/div>\n\t\t","protected":false},"excerpt":{"rendered":"<p>Certificaciones Compromiso certificado con la calidad, la sostenibilidad y la seguridad Nuestras certificaciones ISO 9001, ISO 14001 e ISO 45001, junto con la certificaci\u00f3n CMSE, dan fe de la adopci\u00f3n de un sistema de gesti\u00f3n integrado orientado a la excelencia operativa, la sostenibilidad medioambiental y la seguridad y salud en el trabajo, en pleno cumplimiento [&hellip;]<\/p>\n","protected":false},"author":2,"featured_media":0,"parent":0,"menu_order":0,"comment_status":"closed","ping_status":"closed","template":"elementor_header_footer","meta":{"_eb_attr":"","footnotes":""},"class_list":["post-8312","page","type-page","status-publish","hentry"],"_links":{"self":[{"href":"https:\/\/ercopac.com\/es\/wp-json\/wp\/v2\/pages\/8312","targetHints":{"allow":["GET"]}}],"collection":[{"href":"https:\/\/ercopac.com\/es\/wp-json\/wp\/v2\/pages"}],"about":[{"href":"https:\/\/ercopac.com\/es\/wp-json\/wp\/v2\/types\/page"}],"author":[{"embeddable":true,"href":"https:\/\/ercopac.com\/es\/wp-json\/wp\/v2\/users\/2"}],"replies":[{"embeddable":true,"href":"https:\/\/ercopac.com\/es\/wp-json\/wp\/v2\/comments?post=8312"}],"version-history":[{"count":8,"href":"https:\/\/ercopac.com\/es\/wp-json\/wp\/v2\/pages\/8312\/revisions"}],"predecessor-version":[{"id":10342,"href":"https:\/\/ercopac.com\/es\/wp-json\/wp\/v2\/pages\/8312\/revisions\/10342"}],"wp:attachment":[{"href":"https:\/\/ercopac.com\/es\/wp-json\/wp\/v2\/media?parent=8312"}],"curies":[{"name":"wp","href":"https:\/\/api.w.org\/{rel}","templated":true}]}}