{"id":8424,"date":"2024-12-09T16:26:41","date_gmt":"2024-12-09T16:26:41","guid":{"rendered":"https:\/\/ercopac.com\/cookie-policy\/"},"modified":"2025-01-22T13:40:12","modified_gmt":"2025-01-22T13:40:12","slug":"cookie-policy","status":"publish","type":"page","link":"https:\/\/ercopac.com\/es\/cookie-policy\/","title":{"rendered":"Cookie Policy"},"content":{"rendered":"\t\t<div data-elementor-type=\"wp-page\" data-elementor-id=\"8424\" class=\"elementor elementor-8424 elementor-7040\" data-elementor-post-type=\"page\">\n\t\t\t\t<div class=\"elementor-element elementor-element-ced65a6 e-flex e-con-boxed e-con e-parent\" data-id=\"ced65a6\" data-element_type=\"container\" data-e-type=\"container\">\n\t\t\t\t\t<div class=\"e-con-inner\">\n\t\t\t\t<div class=\"elementor-element elementor-element-267c646 elementor-widget elementor-widget-heading\" data-id=\"267c646\" data-element_type=\"widget\" data-e-type=\"widget\" data-widget_type=\"heading.default\">\n\t\t\t\t<div class=\"elementor-widget-container\">\n\t\t\t\t\t<h2 class=\"elementor-heading-title elementor-size-default\">Cookie Policy<\/h2>\t\t\t\t<\/div>\n\t\t\t\t<\/div>\n\t\t\t\t\t<\/div>\n\t\t\t\t<\/div>\n\t\t<div class=\"elementor-element elementor-element-57be9f0 e-flex e-con-boxed e-con e-parent\" data-id=\"57be9f0\" data-element_type=\"container\" data-e-type=\"container\">\n\t\t\t\t\t<div class=\"e-con-inner\">\n\t\t\t\t<div class=\"elementor-element elementor-element-1e425e6 elementor-widget elementor-widget-html\" data-id=\"1e425e6\" data-element_type=\"widget\" data-e-type=\"widget\" data-widget_type=\"html.default\">\n\t\t\t\t<div class=\"elementor-widget-container\">\n\t\t\t\t\t<script id=\"CookieDeclaration\" src=\"https:\/\/consent.cookiebot.com\/4f63f7a2-059d-4aa6-af32-3d6efe7f9504\/cd.js\" type=\"text\/javascript\" async><\/script>\t\t\t\t<\/div>\n\t\t\t\t<\/div>\n\t\t\t\t\t<\/div>\n\t\t\t\t<\/div>\n\t\t<div class=\"elementor-element elementor-element-5a413b3 e-flex e-con-boxed e-con e-parent\" data-id=\"5a413b3\" data-element_type=\"container\" data-e-type=\"container\" data-settings=\"{&quot;background_background&quot;:&quot;classic&quot;}\">\n\t\t\t\t\t<div class=\"e-con-inner\">\n\t\t\t\t<div class=\"elementor-element elementor-element-539c559 elementor-widget elementor-widget-text-editor\" data-id=\"539c559\" data-element_type=\"widget\" data-e-type=\"widget\" data-widget_type=\"text-editor.default\">\n\t\t\t\t<div class=\"elementor-widget-container\">\n\t\t\t\t\t\t\t\t\t<p>El usuario podr\u00e1, libremente y en cualquier momento, configurar sus par\u00e1metros de privacidad en relaci\u00f3n a la instalaci\u00f3n y uso de Cookies, directamente a trav\u00e9s de su navegador, consultando los enlaces correspondientes y siguiendo las instrucciones pertinentes.<\/p>\n<p>Mozilla Firefox: <a href=\"https:\/\/support.mozilla.org\/it\/kb\/Eliminare%20i%20cookie\" target=\"_blank\" rel=\"noopener\"><strong>https:\/\/support.mozilla.org\/it\/kb\/Eliminare%20i%20cookie<\/strong><\/a><\/p>\n<p>Microsoft Edge: <a href=\"https:\/\/support.microsoft.com\/it-it\/microsoft-edge\/eliminare-i-cookie-in-microsoft-edge-63947406-40ac-c3b8-57b9-2a946a29ae09\" target=\"_blank\" rel=\"noopener\"><strong>https:\/\/support.microsoft.com\/it-it\/microsoft-edge\/eliminare-i-cookie<\/strong><\/a><\/p>\n<p>Google Chrome: <a href=\"https:\/\/support.google.com\/chrome\/answer\/95647?hl=it\" target=\"_blank\" rel=\"noopener\"><strong>https:\/\/support.google.com\/chrome\/answer\/95647?hl=it<\/strong><\/a><\/p>\n<p>Safari: <a href=\"https:\/\/support.apple.com\/it-it\/guide\/safari\/sfri11471\/16.1\/mac\/13.0\" target=\"_blank\" rel=\"noopener\"><strong>https:\/\/support.apple.com\/it-it\/guide\/safari\/sfri11471\/16.1\/mac\/13.0<\/strong><\/a><\/p>\n<\/p>\n<p>El usuario puede activar la llamada \u00abnavegaci\u00f3n privada\u00bb, que impide que su navegador guarde el historial de sitios visitados, las contrase\u00f1as introducidas, las cookies y otra informaci\u00f3n sobre las p\u00e1ginas visitadas.<\/p>\n<p>Se advierte que, si el usuario decide desactivar todas las cookies, la calidad y rapidez de los servicios ofrecidos por este sitio web pueden empeorar dr\u00e1sticamente, y podr\u00eda perder el acceso a algunas secciones del propio sitio.<\/p>\n<\/p>\n<p><strong>Botones sociales<\/strong><\/p>\n<p>Este sitio incluye uno o m\u00e1s <em>botones sociales<\/em> que conectan a los usuarios con nuestra p\u00e1gina.<\/p>\n<p>Para el tratamiento de la privacidad relacionado con esa navegaci\u00f3n, se remite completamente a la respectiva Pol\u00edtica de Privacidad.<\/p>\n<\/p>\n<ul>\n<li><strong>FACEBOOK: <\/strong><a href=\"https:\/\/it-it.facebook.com\/privacy\/explanation\" target=\"_blank\" rel=\"noopener\"><strong>https:\/\/it-it.facebook.com\/privacy\/explanation<\/strong><\/a><\/li>\n<li><strong>LINKEDIN: <\/strong><a href=\"https:\/\/it.linkedin.com\/legal\/privacy-policy\" target=\"_blank\" rel=\"noopener\"><strong>https:\/\/it.linkedin.com\/legal\/privacy-policy<\/strong><\/a><\/li>\n<li><strong>INSTAGRAM: <\/strong><a href=\"https:\/\/privacycenter.instagram.com\/policy\/?entry_point=ig_help_center_data_policy_redirect&amp;__coig_consent=1\" target=\"_blank\" rel=\"noopener\"><strong>https:\/\/privacycenter.instagram.com\/policy<\/strong><\/a><\/li>\n<li><strong>YOUTUBE: <\/strong><a href=\"https:\/\/www.youtube.com\/howyoutubeworks\/our-commitments\/protecting-user-data\/#privacy-guidelines\" target=\"_blank\" rel=\"noopener\"><strong>https:\/\/www.youtube.com\/privacy-policy<\/strong><\/a><\/li>\n<li><strong>TIKTOK: <\/strong><a href=\"https:\/\/www.tiktok.com\/legal\/page\/eea\/privacy-policy\/it\" target=\"_blank\" rel=\"noopener\"><strong>https:\/\/www.tiktok.com\/legal\/page\/eea\/privacy-policy\/it<\/strong><\/a><\/li>\n<\/ul>\n\t\t\t\t\t\t\t\t<\/div>\n\t\t\t\t<\/div>\n\t\t\t\t\t<\/div>\n\t\t\t\t<\/div>\n\t\t\t\t<\/div>\n\t\t","protected":false},"excerpt":{"rendered":"<p>Cookie Policy El usuario podr\u00e1, libremente y en cualquier momento, configurar sus par\u00e1metros de privacidad en relaci\u00f3n a la instalaci\u00f3n y uso de Cookies, directamente a trav\u00e9s de su navegador, consultando los enlaces correspondientes y siguiendo las instrucciones pertinentes. Mozilla Firefox: https:\/\/support.mozilla.org\/it\/kb\/Eliminare%20i%20cookie Microsoft Edge: https:\/\/support.microsoft.com\/it-it\/microsoft-edge\/eliminare-i-cookie Google Chrome: https:\/\/support.google.com\/chrome\/answer\/95647?hl=it Safari: https:\/\/support.apple.com\/it-it\/guide\/safari\/sfri11471\/16.1\/mac\/13.0 El usuario puede activar la [&hellip;]<\/p>\n","protected":false},"author":2,"featured_media":0,"parent":0,"menu_order":0,"comment_status":"closed","ping_status":"closed","template":"elementor_header_footer","meta":{"_eb_attr":"","footnotes":""},"class_list":["post-8424","page","type-page","status-publish","hentry"],"_links":{"self":[{"href":"https:\/\/ercopac.com\/es\/wp-json\/wp\/v2\/pages\/8424","targetHints":{"allow":["GET"]}}],"collection":[{"href":"https:\/\/ercopac.com\/es\/wp-json\/wp\/v2\/pages"}],"about":[{"href":"https:\/\/ercopac.com\/es\/wp-json\/wp\/v2\/types\/page"}],"author":[{"embeddable":true,"href":"https:\/\/ercopac.com\/es\/wp-json\/wp\/v2\/users\/2"}],"replies":[{"embeddable":true,"href":"https:\/\/ercopac.com\/es\/wp-json\/wp\/v2\/comments?post=8424"}],"version-history":[{"count":1,"href":"https:\/\/ercopac.com\/es\/wp-json\/wp\/v2\/pages\/8424\/revisions"}],"predecessor-version":[{"id":8425,"href":"https:\/\/ercopac.com\/es\/wp-json\/wp\/v2\/pages\/8424\/revisions\/8425"}],"wp:attachment":[{"href":"https:\/\/ercopac.com\/es\/wp-json\/wp\/v2\/media?parent=8424"}],"curies":[{"name":"wp","href":"https:\/\/api.w.org\/{rel}","templated":true}]}}