{"id":8430,"date":"2024-12-09T16:20:53","date_gmt":"2024-12-09T16:20:53","guid":{"rendered":"https:\/\/ercopac.com\/privacy-policy\/"},"modified":"2025-01-22T14:55:22","modified_gmt":"2025-01-22T14:55:22","slug":"privacy-policy","status":"publish","type":"page","link":"https:\/\/ercopac.com\/es\/privacy-policy\/","title":{"rendered":"Privacy Policy"},"content":{"rendered":"\t\t<div data-elementor-type=\"wp-page\" data-elementor-id=\"8430\" class=\"elementor elementor-8430 elementor-7029\" data-elementor-post-type=\"page\">\n\t\t\t\t<div class=\"elementor-element elementor-element-ced65a6 e-flex e-con-boxed e-con e-parent\" data-id=\"ced65a6\" data-element_type=\"container\" data-e-type=\"container\">\n\t\t\t\t\t<div class=\"e-con-inner\">\n\t\t\t\t<div class=\"elementor-element elementor-element-267c646 elementor-widget elementor-widget-heading\" data-id=\"267c646\" data-element_type=\"widget\" data-e-type=\"widget\" data-widget_type=\"heading.default\">\n\t\t\t\t<div class=\"elementor-widget-container\">\n\t\t\t\t\t<h2 class=\"elementor-heading-title elementor-size-default\">Privacy Policy<\/h2>\t\t\t\t<\/div>\n\t\t\t\t<\/div>\n\t\t\t\t<div class=\"elementor-element elementor-element-535ae42 elementor-widget elementor-widget-text-editor\" data-id=\"535ae42\" data-element_type=\"widget\" data-e-type=\"widget\" data-widget_type=\"text-editor.default\">\n\t\t\t\t<div class=\"elementor-widget-container\">\n\t\t\t\t\t\t\t\t\t<p><strong>INFORMACI\u00d3N SOBRE EL TRATAMIENTO DE DATOS PERSONALES DE CONFORMIDAD CON EL GDPR 2016\/679 <\/strong><\/p>\n<p>La presente Pol\u00edtica de Privacidad, proporcionada conforme al art\u00edculo 13 del Reglamento UE 679\/2016, relativo a la protecci\u00f3n de los datos personales de las personas f\u00edsicas (en adelante, \u00abGDPR\u00bb) tiene como objetivo describir los procedimientos para la gesti\u00f3n del sitio web en relaci\u00f3n con el tratamiento de los datos personales de las personas que interact\u00faan con los servicios web accesibles electr\u00f3nicamente a trav\u00e9s de la direcci\u00f3n: https:\/\/www.ercopac.com <\/p>\n<p><strong> <\/strong><\/p>\n<h1>Responsable del Tratamiento<\/h1>\n<p>Responsable del Tratamiento: Ercopac S.r.l.<\/p>\n<p>Sede: Via Pietro Nenni 8<\/p>\n<p>42019 Scandiano (RE)<\/p>\n<p>Contactos y direcciones: +39 0522 988373, correo electr\u00f3nico: <u>info@ercopac.com<\/u><\/p>\n<p><strong> <\/strong><\/p>\n<p>El Responsable del Tratamiento es responsable ante usted del uso leg\u00edtimo y correcto de sus datos personales y podr\u00e1 ser contactado para cualquier informaci\u00f3n o solicitud en relaci\u00f3n con dicho tratamiento.<\/p>\n<h1>Tipos de datos tratados<\/h1>\n<ul>\n<li><u>Datos necesarios para el funcionamiento del sitio<\/u>: Los sistemas inform\u00e1ticos y los programas utilizados para el funcionamiento de este sitio recogen ciertos datos personales cuya transmisi\u00f3n es impl\u00edcita en el uso de los protocolos de comunicaci\u00f3n de Internet (por ejemplo, direcciones IP o nombres de dominio de los ordenadores utilizados por los usuarios que se conectan al sitio, las direcciones URI de los recursos solicitados, la hora de la solicitud, el m\u00e9todo utilizado para enviar la solicitud al servidor, el tama\u00f1o del archivo obtenido como respuesta y otros par\u00e1metros relacionados con el sistema operativo y el entorno inform\u00e1tico del usuario).<\/li>\n<li><u>Datos proporcionados voluntariamente por los usuarios<\/u>: El env\u00edo opcional, expl\u00edcito y voluntario de sus datos personales (datos de identificaci\u00f3n y contacto) a la direcci\u00f3n indicada en este sitio o al completar el formulario para solicitar un presupuesto o m\u00e1s informaci\u00f3n sobre nuestra actividad implica la posterior adquisici\u00f3n de la direcci\u00f3n del remitente, necesaria para responder a las solicitudes, as\u00ed como de otros datos personales introducidos en el mensaje.<\/li>\n<li><u>Bolet\u00edn de noticias<\/u>: Al suscribirse al bolet\u00edn, nuestro sitio recopilar\u00e1 sus identificadores personales (nombre, apellido, direcci\u00f3n de correo electr\u00f3nico, n\u00famero de tel\u00e9fono) y sus preferencias sobre los boletines que desee recibir.<\/li>\n<li><u>Trabaja con nosotros<\/u>: En la secci\u00f3n correspondiente del sitio podr\u00e1 postularse a las vacantes laborales disponibles. Para participar en el proceso de selecci\u00f3n, deber\u00e1 proporcionar sus datos identificativos (nombre, correo electr\u00f3nico, direcci\u00f3n f\u00edsica y n\u00famero de tel\u00e9fono) as\u00ed como la informaci\u00f3n profesional o laboral (curr\u00edculum vitae, carta de presentaci\u00f3n, experiencia laboral y formaci\u00f3n). <\/li>\n<li><u>Cookies<\/u>: Tambi\u00e9n utilizaremos cookies, es decir, paquetes de informaci\u00f3n enviados desde el servidor de este sitio al navegador del visitante y que este \u00faltimo almacena autom\u00e1ticamente en su dispositivo (ordenador personal, tableta, tel\u00e9fono m\u00f3vil, etc.) y que son enviados de forma autom\u00e1tica al servidor en cada acceso posterior al sitio. Para conocer los tipos de cookies utilizadas, podr\u00e1 consultar la Pol\u00edtica de Cookies. <\/li>\n<\/ul>\n<h1>Provisi\u00f3n de datos<\/h1>\n<p>Para el tratamiento relativo al env\u00edo de boletines y el uso de cookies, salvo los estrictamente necesarios, se requiere el consentimiento, el cual es siempre libre y opcional.<\/p>\n<p>Para los dem\u00e1s tratamientos, la provisi\u00f3n de los datos es necesaria para poder responder a las solicitudes recibidas y para cualquier actividad contractual y precontractual posterior.<\/p>\n<p><strong>             <\/strong><\/p>\n<h1>Finalidad y base legal del tratamiento<\/h1>\n<ul>\n<li><u>Datos necesarios para el funcionamiento del sitio<\/u>: Estos datos se utilizan exclusivamente para obtener informaci\u00f3n estad\u00edstica no asociada con ning\u00fan dato identificativo del usuario sobre el uso del sitio y para controlar su correcto funcionamiento, y se eliminan inmediatamente despu\u00e9s de su procesamiento. Aunque se trata de informaci\u00f3n que no se recoge para asociarse con interesados identificados, por su naturaleza, mediante procesamiento y asociaciones con datos en poder de terceros, podr\u00eda permitir identificar a los usuarios. Los datos podr\u00edan utilizarse para la determinaci\u00f3n de responsabilidades en caso de delitos inform\u00e1ticos hipot\u00e9ticos que afecten al sitio.  <\/li>\n<li><u>Datos proporcionados voluntariamente por los usuarios:<\/u> Los datos personales enviados a trav\u00e9s de los formularios ser\u00e1n adquiridos y tratados \u00fanicamente para dar respuesta a la solicitud de informaci\u00f3n, contactando al usuario a trav\u00e9s de los datos de contacto proporcionados. La base legal de este tratamiento es la ejecuci\u00f3n de medidas precontractuales adoptadas a solicitud del interesado (art. 6 <em>b<\/em> del GDPR).  <\/li>\n<li><u>Bolet\u00edn de noticias:<\/u> El tratamiento de los datos podr\u00e1 realizarse para enviar comunicaciones de marketing directo, boletines, material publicitario, realizar investigaciones de mercado, mediante sistemas tradicionales de contacto y sistemas inform\u00e1ticos automatizados, incluidas las comunicaciones comerciales o promocionales por correo electr\u00f3nico. La base legal de este tratamiento es el consentimiento del interesado, que deber\u00e1 ser expresado mediante una casilla de selecci\u00f3n antes de la suscripci\u00f3n al bolet\u00edn. Se informa que, en relaci\u00f3n con el derecho de oposici\u00f3n al tratamiento de datos personales con fines de marketing, se conserva la posibilidad de ejercer dicho derecho parcialmente, es decir, oponi\u00e9ndose, por ejemplo, al env\u00edo de comunicaciones promocionales realizadas mediante herramientas automatizadas y\/o digitales o, alternativamente, mediante las tradicionales.  <\/li>\n<li><u>Trabaja con nosotros<\/u>: Estos datos ser\u00e1n tratados exclusivamente para proceder con el proceso de selecci\u00f3n y, por lo tanto, contactar al candidato, programar una entrevista y evaluar su postulaci\u00f3n. Todos los datos ser\u00e1n eliminados despu\u00e9s de dos a\u00f1os desde el env\u00edo. La base legal de este tratamiento es la ejecuci\u00f3n de medidas precontractuales (art. 6 <em>b <\/em>del GDPR).   <\/li>\n<li><u>Cookies<\/u>: Excepto por las cookies estrictamente necesarias, que se utilizar\u00e1n exclusivamente para el funcionamiento adecuado del sitio, las dem\u00e1s cookies podr\u00e1n utilizarse tambi\u00e9n para la recopilaci\u00f3n de datos con fines anal\u00edticos. La base legal del tratamiento es el consentimiento, que el interesado podr\u00e1 expresar de forma separada para cada tipo de cookie al acceder por primera vez al sitio (mediante el banner de cookies).<\/li>\n<\/ul>\n<h1>Lugar de tratamiento, destinatarios y transferencia de datos<\/h1>\n<p>Los tratamientos relacionados con los servicios web de este sitio se realizan en la sede mencionada y son gestionados \u00fanicamente por personas autorizadas (empleados, colaboradores, responsables del tratamiento) o consultores externos que operan como responsables (formalmente designados) mediante asistencia continua o mantenimiento ocasional (por ejemplo: desarrolladores de software, administradores del sitio web). <\/p>\n<p>Ning\u00fan dato derivado del servicio web es comunicado ni difundido. Los datos personales proporcionados por los usuarios que env\u00edan solicitudes para recibir material informativo son utilizados exclusivamente para realizar el servicio o la prestaci\u00f3n solicitada y son comunicados a terceros cuando ello sea necesario para dicho fin. Entre estos terceros pueden incluirse:  <\/p>\n<ul>\n<li>Proveedores externos<\/li>\n<li>Empresas que realizan el mantenimiento ordinario y extraordinario del sitio web. Empresas externas que prestan servicios de terceros <\/li>\n<\/ul>\n<p>Sus datos personales no ser\u00e1n transferidos a ning\u00fan pa\u00eds fuera de la UE ni a ninguna organizaci\u00f3n internacional. <\/p>\n<p><strong>             <\/strong><\/p>\n<h1>Modo de tratamiento y conservaci\u00f3n<\/h1>\n<p>Los datos personales son tratados mediante herramientas automatizadas durante el tiempo estrictamente necesario para cumplir con los fines para los que fueron recopilados, salvo que dicha informaci\u00f3n sea objeto de otros tratamientos por parte del mismo Responsable. En cuanto a los datos recopilados con fines de marketing, normalmente se conservar\u00e1n durante 24 meses desde el \u00faltimo contacto, mientras que las cookies se conservar\u00e1n durante los plazos especificados en la pol\u00edtica correspondiente. Se adoptan medidas de seguridad espec\u00edficas para prevenir la p\u00e9rdida de datos, usos il\u00edcitos o incorrectos en cumplimiento de las obligaciones de seguridad m\u00ednima.   <\/p>\n<p>En cualquier caso, tras la revocaci\u00f3n del consentimiento, los datos no ser\u00e1n tratados, salvo que sean necesarios para la gesti\u00f3n de posibles controversias.<\/p>\n<p><strong>Enlaces a sitios web de terceros <\/strong><\/p>\n<p>Se subraya que esta informaci\u00f3n se proporciona exclusivamente para el sitio en cuesti\u00f3n, por lo que no se aplica a otros sitios, p\u00e1ginas o servicios en l\u00ednea accesibles a trav\u00e9s de enlaces publicados en el sitio que se refieran a recursos externos al dominio del Responsable. <\/p>\n<p><strong>Le informamos de los siguientes derechos que puede ejercer ante el Responsable del tratamiento: <\/strong><\/p>\n<p>Derecho de acceso a sus datos personales (art. 15).<\/p>\n<p>Diritto di rettifica (art.16) o diritto di cancellazione dei dati personali (art.17).<\/p>\n<p>Derecho de limitaci\u00f3n (art. 18) u oposici\u00f3n al tratamiento (art. 21).<\/p>\n<p>Derecho a la portabilidad de los datos (art. 20).<\/p>\n<p>Derecho de revocar el consentimiento otorgado para una o m\u00e1s finalidades espec\u00edficas en cualquier momento, sin que ello afecte a la legalidad del tratamiento realizado antes de la revocaci\u00f3n (art. 7).<\/p>\n<p>Derecho a presentar una reclamaci\u00f3n ante la autoridad de protecci\u00f3n de datos personales (art. 77).<\/p>\n<p><strong> <\/strong><\/p>\n<p>Las solicitudes para ejercer los derechos mencionados en esta informaci\u00f3n, incluyendo, en particular, el derecho a la cancelaci\u00f3n y el derecho a la revocaci\u00f3n del consentimiento otorgado, deben enviarse directamente al Responsable del tratamiento a la direcci\u00f3n de correo electr\u00f3nico: <u>info@ercopac.com<\/u><\/p>\n<p><strong> <\/strong><\/p>\n<p><strong>Modificaci\u00f3n de esta pol\u00edtica de privacidad <\/strong><\/p>\n<p>La presente Pol\u00edtica de Privacidad est\u00e1 sujeta a cambios. Cualquier modificaci\u00f3n a la Pol\u00edtica de Privacidad se publicar\u00e1 en esta p\u00e1gina y se indicar\u00e1 la fecha de su entrada en vigor. \u00daltima modificaci\u00f3n de la pol\u00edtica: 20\/11\/2024  <\/p>\n<p><em>Esta pol\u00edtica ha sido redactada en nombre y por cuenta de Ercopac S.r.l. por 01 S.r.l. <\/em> <\/p>\n\t\t\t\t\t\t\t\t<\/div>\n\t\t\t\t<\/div>\n\t\t\t\t\t<\/div>\n\t\t\t\t<\/div>\n\t\t\t\t<\/div>\n\t\t","protected":false},"excerpt":{"rendered":"<p>Privacy Policy INFORMACI\u00d3N SOBRE EL TRATAMIENTO DE DATOS PERSONALES DE CONFORMIDAD CON EL GDPR 2016\/679 La presente Pol\u00edtica de Privacidad, proporcionada conforme al art\u00edculo 13 del Reglamento UE 679\/2016, relativo a la protecci\u00f3n de los datos personales de las personas f\u00edsicas (en adelante, \u00abGDPR\u00bb) tiene como objetivo describir los procedimientos para la gesti\u00f3n del sitio [&hellip;]<\/p>\n","protected":false},"author":2,"featured_media":0,"parent":0,"menu_order":0,"comment_status":"closed","ping_status":"closed","template":"elementor_header_footer","meta":{"_eb_attr":"","footnotes":""},"class_list":["post-8430","page","type-page","status-publish","hentry"],"_links":{"self":[{"href":"https:\/\/ercopac.com\/es\/wp-json\/wp\/v2\/pages\/8430","targetHints":{"allow":["GET"]}}],"collection":[{"href":"https:\/\/ercopac.com\/es\/wp-json\/wp\/v2\/pages"}],"about":[{"href":"https:\/\/ercopac.com\/es\/wp-json\/wp\/v2\/types\/page"}],"author":[{"embeddable":true,"href":"https:\/\/ercopac.com\/es\/wp-json\/wp\/v2\/users\/2"}],"replies":[{"embeddable":true,"href":"https:\/\/ercopac.com\/es\/wp-json\/wp\/v2\/comments?post=8430"}],"version-history":[{"count":1,"href":"https:\/\/ercopac.com\/es\/wp-json\/wp\/v2\/pages\/8430\/revisions"}],"predecessor-version":[{"id":8431,"href":"https:\/\/ercopac.com\/es\/wp-json\/wp\/v2\/pages\/8430\/revisions\/8431"}],"wp:attachment":[{"href":"https:\/\/ercopac.com\/es\/wp-json\/wp\/v2\/media?parent=8430"}],"curies":[{"name":"wp","href":"https:\/\/api.w.org\/{rel}","templated":true}]}}