{"id":8422,"date":"2024-12-09T16:26:41","date_gmt":"2024-12-09T16:26:41","guid":{"rendered":"https:\/\/ercopac.com\/cookie-policy\/"},"modified":"2025-01-22T12:01:28","modified_gmt":"2025-01-22T12:01:28","slug":"cookie-policy","status":"publish","type":"page","link":"https:\/\/ercopac.com\/fr\/cookie-policy\/","title":{"rendered":"Cookie Policy"},"content":{"rendered":"\t\t<div data-elementor-type=\"wp-page\" data-elementor-id=\"8422\" class=\"elementor elementor-8422 elementor-7040\" data-elementor-post-type=\"page\">\n\t\t\t\t<div class=\"elementor-element elementor-element-ced65a6 e-flex e-con-boxed e-con e-parent\" data-id=\"ced65a6\" data-element_type=\"container\" data-e-type=\"container\">\n\t\t\t\t\t<div class=\"e-con-inner\">\n\t\t\t\t<div class=\"elementor-element elementor-element-267c646 elementor-widget elementor-widget-heading\" data-id=\"267c646\" data-element_type=\"widget\" data-e-type=\"widget\" data-widget_type=\"heading.default\">\n\t\t\t\t<div class=\"elementor-widget-container\">\n\t\t\t\t\t<h2 class=\"elementor-heading-title elementor-size-default\">Cookie Policy<\/h2>\t\t\t\t<\/div>\n\t\t\t\t<\/div>\n\t\t\t\t\t<\/div>\n\t\t\t\t<\/div>\n\t\t<div class=\"elementor-element elementor-element-57be9f0 e-flex e-con-boxed e-con e-parent\" data-id=\"57be9f0\" data-element_type=\"container\" data-e-type=\"container\">\n\t\t\t\t\t<div class=\"e-con-inner\">\n\t\t\t\t<div class=\"elementor-element elementor-element-1e425e6 elementor-widget elementor-widget-html\" data-id=\"1e425e6\" data-element_type=\"widget\" data-e-type=\"widget\" data-widget_type=\"html.default\">\n\t\t\t\t<div class=\"elementor-widget-container\">\n\t\t\t\t\t<script id=\"CookieDeclaration\" src=\"https:\/\/consent.cookiebot.com\/4f63f7a2-059d-4aa6-af32-3d6efe7f9504\/cd.js\" type=\"text\/javascript\" async><\/script>\t\t\t\t<\/div>\n\t\t\t\t<\/div>\n\t\t\t\t\t<\/div>\n\t\t\t\t<\/div>\n\t\t<div class=\"elementor-element elementor-element-5a413b3 e-flex e-con-boxed e-con e-parent\" data-id=\"5a413b3\" data-element_type=\"container\" data-e-type=\"container\" data-settings=\"{&quot;background_background&quot;:&quot;classic&quot;}\">\n\t\t\t\t\t<div class=\"e-con-inner\">\n\t\t\t\t<div class=\"elementor-element elementor-element-539c559 elementor-widget elementor-widget-text-editor\" data-id=\"539c559\" data-element_type=\"widget\" data-e-type=\"widget\" data-widget_type=\"text-editor.default\">\n\t\t\t\t<div class=\"elementor-widget-container\">\n\t\t\t\t\t\t\t\t\t<p>L&rsquo;utilisateur peut, librement et \u00e0 tout moment, configurer ses param\u00e8tres de confidentialit\u00e9 concernant l&rsquo;installation et l&rsquo;utilisation de cookies, directement via son navigateur, en consultant les liens correspondants et en suivant les instructions correspondantes.<\/p>\n<p>Mozilla Firefox: <a href=\"https:\/\/support.mozilla.org\/it\/kb\/Eliminare%20i%20cookie\" target=\"_blank\" rel=\"noopener\"><strong>https:\/\/support.mozilla.org\/it\/kb\/Eliminare%20i%20cookie<\/strong><\/a><\/p>\n<p>Microsoft Edge: <a href=\"https:\/\/support.microsoft.com\/it-it\/microsoft-edge\/eliminare-i-cookie-in-microsoft-edge-63947406-40ac-c3b8-57b9-2a946a29ae09\" target=\"_blank\" rel=\"noopener\"><strong>https:\/\/support.microsoft.com\/it-it\/microsoft-edge\/eliminare-i-cookie<\/strong><\/a><\/p>\n<p>Google Chrome: <a href=\"https:\/\/support.google.com\/chrome\/answer\/95647?hl=it\" target=\"_blank\" rel=\"noopener\"><strong>https:\/\/support.google.com\/chrome\/answer\/95647?hl=it<\/strong><\/a><\/p>\n<p>Safari: <a href=\"https:\/\/support.apple.com\/it-it\/guide\/safari\/sfri11471\/16.1\/mac\/13.0\" target=\"_blank\" rel=\"noopener\"><strong>https:\/\/support.apple.com\/it-it\/guide\/safari\/sfri11471\/16.1\/mac\/13.0<\/strong><\/a><\/p>\n<\/p>\n<p>L&rsquo;utilisateur peut \u00e9galement activer la fonction de \u00ab\u00a0navigation priv\u00e9e\u00a0\u00bb, gr\u00e2ce \u00e0 laquelle son navigateur arr\u00eate d&rsquo;enregistrer l&rsquo;historique des sites visit\u00e9s, les mots de passe saisis, les cookies et d&rsquo;autres informations sur les pages visit\u00e9es.<\/p>\n<p>Il est \u00e0 noter que si l&rsquo;utilisateur choisit de d\u00e9sactiver tous les cookies, la qualit\u00e9 et la rapidit\u00e9 des services offerts par ce site Web pourraient se d\u00e9t\u00e9riorer consid\u00e9rablement, et l&rsquo;acc\u00e8s \u00e0 certaines sections du site pourrait \u00eatre perdu.<\/p>\n<\/p>\n<p><strong>Boutons sociaux<\/strong><\/p>\n<p>Ce site inclut un ou plusieurs<em> boutons sociaux<\/em> qui permettent aux utilisateurs de se connecter \u00e0 notre page.<\/p>\n<p>Pour le traitement des donn\u00e9es de confidentialit\u00e9 relatif \u00e0 cette navigation, veuillez consulter int\u00e9gralement la politique de confidentialit\u00e9 respective.<\/p>\n<\/p>\n<ul>\n<li><strong>FACEBOOK: <\/strong><a href=\"https:\/\/it-it.facebook.com\/privacy\/explanation\" target=\"_blank\" rel=\"noopener\"><strong>https:\/\/it-it.facebook.com\/privacy\/explanation<\/strong><\/a><\/li>\n<li><strong>LINKEDIN: <\/strong><a href=\"https:\/\/it.linkedin.com\/legal\/privacy-policy\" target=\"_blank\" rel=\"noopener\"><strong>https:\/\/it.linkedin.com\/legal\/privacy-policy<\/strong><\/a><\/li>\n<li><strong>INSTAGRAM: <\/strong><a href=\"https:\/\/privacycenter.instagram.com\/policy\/?entry_point=ig_help_center_data_policy_redirect&amp;__coig_consent=1\" target=\"_blank\" rel=\"noopener\"><strong>https:\/\/privacycenter.instagram.com\/policy<\/strong><\/a><\/li>\n<li><strong>YOUTUBE: <\/strong><a href=\"https:\/\/www.youtube.com\/howyoutubeworks\/our-commitments\/protecting-user-data\/#privacy-guidelines\" target=\"_blank\" rel=\"noopener\"><strong>https:\/\/www.youtube.com\/privacy-policy<\/strong><\/a><\/li>\n<li><strong>TIKTOK: <\/strong><a href=\"https:\/\/www.tiktok.com\/legal\/page\/eea\/privacy-policy\/it\" target=\"_blank\" rel=\"noopener\"><strong>https:\/\/www.tiktok.com\/legal\/page\/eea\/privacy-policy\/it<\/strong><\/a><\/li>\n<\/ul>\n\t\t\t\t\t\t\t\t<\/div>\n\t\t\t\t<\/div>\n\t\t\t\t\t<\/div>\n\t\t\t\t<\/div>\n\t\t\t\t<\/div>\n\t\t","protected":false},"excerpt":{"rendered":"<p>Cookie Policy L&rsquo;utilisateur peut, librement et \u00e0 tout moment, configurer ses param\u00e8tres de confidentialit\u00e9 concernant l&rsquo;installation et l&rsquo;utilisation de cookies, directement via son navigateur, en consultant les liens correspondants et en suivant les instructions correspondantes. Mozilla Firefox: https:\/\/support.mozilla.org\/it\/kb\/Eliminare%20i%20cookie Microsoft Edge: https:\/\/support.microsoft.com\/it-it\/microsoft-edge\/eliminare-i-cookie Google Chrome: https:\/\/support.google.com\/chrome\/answer\/95647?hl=it Safari: https:\/\/support.apple.com\/it-it\/guide\/safari\/sfri11471\/16.1\/mac\/13.0 L&rsquo;utilisateur peut \u00e9galement activer la fonction de \u00ab\u00a0navigation priv\u00e9e\u00a0\u00bb, [&hellip;]<\/p>\n","protected":false},"author":2,"featured_media":0,"parent":0,"menu_order":0,"comment_status":"closed","ping_status":"closed","template":"elementor_header_footer","meta":{"_eb_attr":"","footnotes":""},"class_list":["post-8422","page","type-page","status-publish","hentry"],"_links":{"self":[{"href":"https:\/\/ercopac.com\/fr\/wp-json\/wp\/v2\/pages\/8422","targetHints":{"allow":["GET"]}}],"collection":[{"href":"https:\/\/ercopac.com\/fr\/wp-json\/wp\/v2\/pages"}],"about":[{"href":"https:\/\/ercopac.com\/fr\/wp-json\/wp\/v2\/types\/page"}],"author":[{"embeddable":true,"href":"https:\/\/ercopac.com\/fr\/wp-json\/wp\/v2\/users\/2"}],"replies":[{"embeddable":true,"href":"https:\/\/ercopac.com\/fr\/wp-json\/wp\/v2\/comments?post=8422"}],"version-history":[{"count":1,"href":"https:\/\/ercopac.com\/fr\/wp-json\/wp\/v2\/pages\/8422\/revisions"}],"predecessor-version":[{"id":8423,"href":"https:\/\/ercopac.com\/fr\/wp-json\/wp\/v2\/pages\/8422\/revisions\/8423"}],"wp:attachment":[{"href":"https:\/\/ercopac.com\/fr\/wp-json\/wp\/v2\/media?parent=8422"}],"curies":[{"name":"wp","href":"https:\/\/api.w.org\/{rel}","templated":true}]}}