{"id":8428,"date":"2024-12-09T16:20:53","date_gmt":"2024-12-09T16:20:53","guid":{"rendered":"https:\/\/ercopac.com\/privacy-policy\/"},"modified":"2025-01-22T14:30:46","modified_gmt":"2025-01-22T14:30:46","slug":"privacy-policy","status":"publish","type":"page","link":"https:\/\/ercopac.com\/fr\/privacy-policy\/","title":{"rendered":"Privacy Policy"},"content":{"rendered":"\t\t<div data-elementor-type=\"wp-page\" data-elementor-id=\"8428\" class=\"elementor elementor-8428 elementor-7029\" data-elementor-post-type=\"page\">\n\t\t\t\t<div class=\"elementor-element elementor-element-ced65a6 e-flex e-con-boxed e-con e-parent\" data-id=\"ced65a6\" data-element_type=\"container\" data-e-type=\"container\">\n\t\t\t\t\t<div class=\"e-con-inner\">\n\t\t\t\t<div class=\"elementor-element elementor-element-267c646 elementor-widget elementor-widget-heading\" data-id=\"267c646\" data-element_type=\"widget\" data-e-type=\"widget\" data-widget_type=\"heading.default\">\n\t\t\t\t<div class=\"elementor-widget-container\">\n\t\t\t\t\t<h2 class=\"elementor-heading-title elementor-size-default\">Privacy Policy<\/h2>\t\t\t\t<\/div>\n\t\t\t\t<\/div>\n\t\t\t\t<div class=\"elementor-element elementor-element-535ae42 elementor-widget elementor-widget-text-editor\" data-id=\"535ae42\" data-element_type=\"widget\" data-e-type=\"widget\" data-widget_type=\"text-editor.default\">\n\t\t\t\t<div class=\"elementor-widget-container\">\n\t\t\t\t\t\t\t\t\t<p><strong>INFORMATION RELATIVE AU TRAITEMENT DES DONN\u00c9ES PERSONNELLES CONFORM\u00c9MENT AU GDPR 2016\/679 <\/strong><\/p>\n<p>La pr\u00e9sente politique de confidentialit\u00e9 \u2013 r\u00e9dig\u00e9e conform\u00e9ment \u00e0 l&rsquo;article 13 du r\u00e8glement UE 679\/2016, relatif \u00e0 la protection des donn\u00e9es \u00e0 caract\u00e8re personnel des personnes physiques (ci-apr\u00e8s \u00ab\u00a0GDPR\u00a0\u00bb) \u2013 a pour objectif de d\u00e9crire les modalit\u00e9s de gestion du site concernant le traitement des donn\u00e9es personnelles des personnes qui interagissent avec les services web accessibles par voie \u00e9lectronique \u00e0 partir de l&rsquo;adresse suivante : https:\/\/www.ercopac.com <\/p>\n<p><strong> <\/strong><\/p>\n<h1>Responsable du traitement<\/h1>\n<p>Responsable du traitement : Ercopac S.r.l.<\/p>\n<p>Si\u00e8ge social : Via Pietro Nenni 8<\/p>\n<p>42019 Scandiano (RE)<\/p>\n<p>Contacts et coordonn\u00e9es : +39 0522 988373, email : <u>info@ercopac.com<\/u><\/p>\n<p><strong> <\/strong><\/p>\n<p>Le responsable du traitement est responsable de l&rsquo;utilisation l\u00e9gitime et correcte de vos donn\u00e9es personnelles et pourra \u00eatre contact\u00e9 pour toute information ou demande concernant ce traitement.<\/p>\n<h1>Type de donn\u00e9es trait\u00e9es<\/h1>\n<ul>\n<li><u>Donn\u00e9es n\u00e9cessaires au fonctionnement du site<\/u> : Les syst\u00e8mes informatiques et les logiciels utilis\u00e9s pour le fonctionnement de ce site recueillent certaines donn\u00e9es personnelles dont la transmission est implicite dans l&rsquo;utilisation des protocoles de communication sur Internet (par exemple, adresses IP ou noms de domaine des ordinateurs utilis\u00e9s par les utilisateurs se connectant au site, adresses URI des ressources demand\u00e9es, heure de la demande, m\u00e9thode utilis\u00e9e pour soumettre la demande au serveur, taille du fichier obtenu en r\u00e9ponse et autres param\u00e8tres relatifs au syst\u00e8me d&rsquo;exploitation et \u00e0 l&rsquo;environnement informatique de l&rsquo;utilisateur).<\/li>\n<li><u>Donn\u00e9es fournies volontairement par les utilisateurs<\/u> : L&rsquo;envoi facultatif, explicite et volontaire de vos donn\u00e9es personnelles (donn\u00e9es d&rsquo;identit\u00e9 et de contact) \u00e0 l&rsquo;adresse indiqu\u00e9e sur ce site ou en remplissant le formulaire pour demander un devis ou obtenir plus d&rsquo;informations sur notre activit\u00e9 entra\u00eene l&rsquo;acquisition de l&rsquo;adresse de l&rsquo;exp\u00e9diteur, n\u00e9cessaire pour r\u00e9pondre aux demandes, ainsi que d&rsquo;autres donn\u00e9es personnelles ins\u00e9r\u00e9es dans la correspondance.<\/li>\n<li><u>Newsletter <\/u>: Lors de l&rsquo;inscription \u00e0 la newsletter, notre site recueillera vos donn\u00e9es personnelles (nom, pr\u00e9nom, adresse e-mail, num\u00e9ro de t\u00e9l\u00e9phone) et vos pr\u00e9f\u00e9rences concernant les newsletters que vous souhaitez recevoir.<\/li>\n<li><u>Travaillez avec nous <\/u>: Dans la section d\u00e9di\u00e9e du site, vous pourrez postuler aux postes \u00e9ventuellement ouverts. Pour participer aux s\u00e9lections, vous devrez fournir vos donn\u00e9es personnelles (nom, adresse e-mail, adresse physique et num\u00e9ro de t\u00e9l\u00e9phone) ainsi que des informations professionnelles ou professionnelles (CV, lettre de motivation, exp\u00e9rience de travail et formation). <\/li>\n<li><u>Cookies<\/u> : Nous utiliserons \u00e9galement des cookies, c&rsquo;est-\u00e0-dire des paquets d&rsquo;informations envoy\u00e9s par le serveur de ce site au navigateur du visiteur et stock\u00e9s automatiquement sur son appareil (ordinateur, tablette, t\u00e9l\u00e9phone mobile, etc.), puis renvoy\u00e9s, toujours automatiquement, au serveur lors de tout acc\u00e8s ult\u00e9rieur au site. Pour conna\u00eetre les types de cookies utilis\u00e9s, vous pouvez consulter la politique relative aux cookies. <\/li>\n<\/ul>\n<h1>Fourniture des donn\u00e9es<\/h1>\n<p>Pour le traitement li\u00e9 \u00e0 l&rsquo;envoi de newsletters et \u00e0 l&rsquo;utilisation des cookies, \u00e0 l&rsquo;exception de ceux qui sont techniques, votre consentement est requis, qui est toujours libre et facultatif.<\/p>\n<p>Pour les autres traitements, la fourniture des donn\u00e9es est n\u00e9cessaire pour r\u00e9pondre aux demandes re\u00e7ues et pour les \u00e9ventuelles activit\u00e9s contractuelles et pr\u00e9contractuelles.<\/p>\n<p><strong>             <\/strong><\/p>\n<h1>Objectifs et base juridique du traitement<\/h1>\n<ul>\n<li><u>Donn\u00e9es n\u00e9cessaires au fonctionnement du site<\/u> : Ces donn\u00e9es sont utilis\u00e9es uniquement pour recueillir des informations statistiques non associ\u00e9es \u00e0 des donn\u00e9es identifiables de l&rsquo;utilisateur concernant l&rsquo;utilisation du site et pour en contr\u00f4ler le bon fonctionnement, et elles sont supprim\u00e9es imm\u00e9diatement apr\u00e8s traitement. Bien que ces informations ne soient pas collect\u00e9es pour \u00eatre associ\u00e9es \u00e0 des personnes identifi\u00e9es, elles pourraient, par leur nature, permettre d&rsquo;identifier les utilisateurs par des traitements et associations avec des donn\u00e9es d\u00e9tenues par des tiers. Les donn\u00e9es peuvent \u00eatre utilis\u00e9es pour \u00e9tablir la responsabilit\u00e9 en cas de crimes informatiques hypoth\u00e9tiques \u00e0 l&rsquo;encontre du site.  <\/li>\n<li><u>Donn\u00e9es fournies volontairement par les utilisateurs <\/u>: Les donn\u00e9es personnelles envoy\u00e9es par formulaire seront collect\u00e9es et trait\u00e9es uniquement pour r\u00e9pondre \u00e0 la demande d&rsquo;informations, en contactant l&rsquo;utilisateur via les donn\u00e9es de contact fournies. La base juridique de ce traitement est l&rsquo;ex\u00e9cution de mesures pr\u00e9contractuelles adopt\u00e9es \u00e0 la demande de la personne concern\u00e9e (article 6 <em>b<\/em> du GDPR).  <\/li>\n<li><u>Newsletter<\/u> : Le traitement des donn\u00e9es pourra \u00eatre effectu\u00e9 pour envoyer des communications de marketing direct, des newsletters, du mat\u00e9riel publicitaire, r\u00e9aliser des \u00e9tudes de march\u00e9, au moyen de syst\u00e8mes de contact traditionnels et de syst\u00e8mes informatiques automatis\u00e9s, y compris des communications commerciales ou promotionnelles par e-mail. La base juridique de ce traitement est le consentement de la personne concern\u00e9e, \u00e0 exprimer par un \u00ab\u00a0flag\u00a0\u00bb avant de s&rsquo;abonner \u00e0 la newsletter. Il est pr\u00e9cis\u00e9 qu&rsquo;en ce qui concerne le droit d&rsquo;opposition au traitement des donn\u00e9es personnelles \u00e0 des fins de marketing, il reste possible d&rsquo;exercer ce droit en partie, par exemple en s&rsquo;opposant uniquement \u00e0 l&rsquo;envoi de communications promotionnelles effectu\u00e9es via des outils automatis\u00e9s et\/ou num\u00e9riques, ou, alternativement, \u00e0 ceux effectu\u00e9s par des moyens traditionnels.  <\/li>\n<li><u>Travaillez avec nous <\/u>: Ces donn\u00e9es seront trait\u00e9es exclusivement pour proc\u00e9der \u00e0 la s\u00e9lection et ainsi recontacter le candidat, organiser une rencontre et \u00e9valuer sa candidature. Toutes les donn\u00e9es seront supprim\u00e9es deux ans apr\u00e8s l&rsquo;envoi. La base juridique de ce traitement est l&rsquo;ex\u00e9cution de mesures pr\u00e9contractuelles (article 6 <em>b<\/em> du GDPR).   <\/li>\n<li><u>Cookies <\/u>: Sauf pour les cookies strictement n\u00e9cessaires, utilis\u00e9s exclusivement pour le bon fonctionnement du site, d&rsquo;autres cookies pourront \u00eatre utilis\u00e9s \u00e9galement pour la collecte de donn\u00e9es \u00e0 des fins analytiques. La base juridique de ce traitement est le consentement, que la personne concern\u00e9e peut exprimer s\u00e9par\u00e9ment pour chaque type de cookie en acc\u00e9dant pour la premi\u00e8re fois au site (via le bandeau cookie).<\/li>\n<\/ul>\n<h1>Lieu du traitement, destinataires et transfert des donn\u00e9es<\/h1>\n<p>Les traitements relatifs aux services Web sur ce site ont lieu au si\u00e8ge susmentionn\u00e9 et sont g\u00e9r\u00e9s uniquement par des personnes autoris\u00e9es (employ\u00e9s, collaborateurs, responsables du traitement) ou des consultants externes agissant en tant que responsables (nomm\u00e9s formellement) pour des op\u00e9rations de maintenance continue ou occasionnelle (par exemple, d\u00e9veloppeurs logiciels, gestionnaires du site Web). <\/p>\n<p>Aucune donn\u00e9e d\u00e9riv\u00e9e du service Web n&rsquo;est communiqu\u00e9e ou diffus\u00e9e. Les donn\u00e9es personnelles fournies par les utilisateurs qui envoient des demandes d&rsquo;envoi de mat\u00e9riel informatif sont utilis\u00e9es uniquement pour ex\u00e9cuter le service ou la prestation demand\u00e9e et peuvent \u00eatre communiqu\u00e9es \u00e0 des tiers si cela est n\u00e9cessaire \u00e0 cette fin. Parmi ces tiers peuvent \u00eatre inclus :  <\/p>\n<ul>\n<li>Fournisseurs externes<\/li>\n<li>Soci\u00e9t\u00e9s effectuant la maintenance ordinaire et extraordinaire du site web. Soci\u00e9t\u00e9s tierces fournissant des services de tiers <\/li>\n<\/ul>\n<p>Vos donn\u00e9es personnelles ne seront pas transf\u00e9r\u00e9es vers des pays hors de l&rsquo;UE ou vers des organisations internationales. <\/p>\n<p><strong>             <\/strong><\/p>\n<h1>Mode de traitement et conservation<\/h1>\n<p>Les donn\u00e9es personnelles sont trait\u00e9es par des moyens automatis\u00e9s pendant la dur\u00e9e strictement n\u00e9cessaire pour atteindre les objectifs pour lesquels elles ont \u00e9t\u00e9 collect\u00e9es, sauf si ces informations font l&rsquo;objet d&rsquo;autres traitements par le m\u00eame responsable du traitement. En ce qui concerne les donn\u00e9es collect\u00e9es \u00e0 des fins marketing, elles seront normalement conserv\u00e9es pendant 24 mois \u00e0 compter du dernier contact, tandis que les cookies seront conserv\u00e9s pour la dur\u00e9e indiqu\u00e9e dans la politique d\u00e9di\u00e9e. Des mesures de s\u00e9curit\u00e9 sp\u00e9cifiques sont prises pour pr\u00e9venir la perte de donn\u00e9es, leur utilisation illicite ou incorrecte conform\u00e9ment aux obligations de conformit\u00e9 aux mesures minimales de s\u00e9curit\u00e9.   <\/p>\n<p>En tout \u00e9tat de cause, en cas de retrait du consentement, les donn\u00e9es ne seront plus trait\u00e9es, sauf si elles sont n\u00e9cessaires \u00e0 la gestion de litiges \u00e9ventuels.<\/p>\n<p><strong>Liens vers des sites Web tiers <\/strong><\/p>\n<p>Il est pr\u00e9cis\u00e9 que cette politique de confidentialit\u00e9 s&rsquo;applique exclusivement au site en question. Par cons\u00e9quent, ces informations ne concernent pas d&rsquo;autres sites ou pages ou services en ligne accessibles par des liens hypertextes \u00e9ventuellement publi\u00e9s sur le site, mais se r\u00e9f\u00e8rent \u00e0 des ressources externes au domaine du responsable du traitement. <\/p>\n<p><strong>Nous vous informons \u00e9galement des droits suivants que vous pouvez exercer \u00e0 l&rsquo;\u00e9gard du responsable du traitement : <\/strong><\/p>\n<p>Droit d&rsquo;acc\u00e8s \u00e0 vos donn\u00e9es personnelles (article 15)<\/p>\n<p>Droit de rectification (article 16) ou de suppression des donn\u00e9es personnelles (article 17)<\/p>\n<p>Droit de limitation (article 18) ou droit d&rsquo;opposition au traitement (article 21)<\/p>\n<p>Droit \u00e0 la portabilit\u00e9 des donn\u00e9es (article 20)<\/p>\n<p>Droit de retirer \u00e0 tout moment votre consentement pour une ou plusieurs finalit\u00e9s sp\u00e9cifiques, sans pr\u00e9judice des traitements effectu\u00e9s avant le retrait du consentement (article 7)<\/p>\n<p>Droit de d\u00e9poser une plainte aupr\u00e8s de l&rsquo;autorit\u00e9 de protection des donn\u00e9es personnelles (article 77)<\/p>\n<p><strong> <\/strong><\/p>\n<p>Les demandes pour exercer les droits indiqu\u00e9s dans la pr\u00e9sente politique, notamment les droits de suppression et de retrait du consentement, doivent \u00eatre envoy\u00e9es directement au responsable du traitement \u00e0 l&rsquo;adresse e-mail : <u>info@ercopac.com<\/u><\/p>\n<p><strong> <\/strong><\/p>\n<p><strong>Modifications de cette politique de confidentialit\u00e9 <\/strong><\/p>\n<p>Cette politique de confidentialit\u00e9 peut \u00eatre modifi\u00e9e. Toute modification de la politique de confidentialit\u00e9 sera publi\u00e9e sur cette page et indiquera la date \u00e0 partir de laquelle elle entrera en vigueur. Derni\u00e8re modification de la politique : 20\/11\/2024  <\/p>\n<p><em>Cette politique de confidentialit\u00e9 a \u00e9t\u00e9 r\u00e9dig\u00e9e au nom et pour le compte de Ercopac S.r.l. par 01 S.r.l. <\/em> <\/p>\n\t\t\t\t\t\t\t\t<\/div>\n\t\t\t\t<\/div>\n\t\t\t\t\t<\/div>\n\t\t\t\t<\/div>\n\t\t\t\t<\/div>\n\t\t","protected":false},"excerpt":{"rendered":"<p>Privacy Policy INFORMATION RELATIVE AU TRAITEMENT DES DONN\u00c9ES PERSONNELLES CONFORM\u00c9MENT AU GDPR 2016\/679 La pr\u00e9sente politique de confidentialit\u00e9 \u2013 r\u00e9dig\u00e9e conform\u00e9ment \u00e0 l&rsquo;article 13 du r\u00e8glement UE 679\/2016, relatif \u00e0 la protection des donn\u00e9es \u00e0 caract\u00e8re personnel des personnes physiques (ci-apr\u00e8s \u00ab\u00a0GDPR\u00a0\u00bb) \u2013 a pour objectif de d\u00e9crire les modalit\u00e9s de gestion du site concernant [&hellip;]<\/p>\n","protected":false},"author":2,"featured_media":0,"parent":0,"menu_order":0,"comment_status":"closed","ping_status":"closed","template":"elementor_header_footer","meta":{"_eb_attr":"","footnotes":""},"class_list":["post-8428","page","type-page","status-publish","hentry"],"_links":{"self":[{"href":"https:\/\/ercopac.com\/fr\/wp-json\/wp\/v2\/pages\/8428","targetHints":{"allow":["GET"]}}],"collection":[{"href":"https:\/\/ercopac.com\/fr\/wp-json\/wp\/v2\/pages"}],"about":[{"href":"https:\/\/ercopac.com\/fr\/wp-json\/wp\/v2\/types\/page"}],"author":[{"embeddable":true,"href":"https:\/\/ercopac.com\/fr\/wp-json\/wp\/v2\/users\/2"}],"replies":[{"embeddable":true,"href":"https:\/\/ercopac.com\/fr\/wp-json\/wp\/v2\/comments?post=8428"}],"version-history":[{"count":1,"href":"https:\/\/ercopac.com\/fr\/wp-json\/wp\/v2\/pages\/8428\/revisions"}],"predecessor-version":[{"id":8429,"href":"https:\/\/ercopac.com\/fr\/wp-json\/wp\/v2\/pages\/8428\/revisions\/8429"}],"wp:attachment":[{"href":"https:\/\/ercopac.com\/fr\/wp-json\/wp\/v2\/media?parent=8428"}],"curies":[{"name":"wp","href":"https:\/\/api.w.org\/{rel}","templated":true}]}}